{"id":129,"date":"2024-02-13T17:15:06","date_gmt":"2024-02-13T17:15:06","guid":{"rendered":"https:\/\/jovial-yalow.104-219-41-121.plesk.page\/?page_id=129"},"modified":"2024-10-09T11:39:13","modified_gmt":"2024-10-09T17:39:13","slug":"acerca-de-nosotros","status":"publish","type":"page","link":"https:\/\/redzibata.org\/index.php\/acerca-de-nosotros\/","title":{"rendered":"Con\u00f3cenos"},"content":{"rendered":"\n<div class=\"wp-block-group is-style-default has-light-background-background-color has-background has-global-padding is-layout-constrained wp-container-core-group-is-layout-02ab25f7 wp-block-group-is-layout-constrained\" style=\"padding-top:60px;padding-bottom:60px;padding-left:0\">\n<div class=\"wp-block-group has-global-padding is-layout-constrained wp-block-group-is-layout-constrained\">\n<div class=\"wp-block-columns is-layout-flex wp-container-core-columns-is-layout-d7d455e7 wp-block-columns-is-layout-flex\" style=\"padding-top:0;padding-right:0;padding-bottom:0;padding-left:0\">\n<div class=\"wp-block-column is-vertically-aligned-top is-layout-flow wp-block-column-is-layout-flow\" style=\"flex-basis:50%\">\n<figure class=\"wp-block-image alignright size-full\"><img loading=\"lazy\" decoding=\"async\" width=\"502\" height=\"542\" src=\"https:\/\/redzibata.org\/wp-content\/uploads\/2024\/02\/Red-Zibata-CollageBN.jpg\" alt=\"Red Ciudadana de la Colonia Zibat\u00e1, colectivo ciudadano buscando el bien com\u00fan de la comunidad.\" class=\"wp-image-158\" style=\"aspect-ratio:3\/4;object-fit:cover\" srcset=\"https:\/\/redzibata.org\/wp-content\/uploads\/2024\/02\/Red-Zibata-CollageBN.jpg 502w, https:\/\/redzibata.org\/wp-content\/uploads\/2024\/02\/Red-Zibata-CollageBN-278x300.jpg 278w\" sizes=\"auto, (max-width: 502px) 100vw, 502px\" \/><\/figure>\n<\/div>\n\n\n\n<div class=\"wp-block-column is-vertically-aligned-center is-layout-flow wp-block-column-is-layout-flow\" style=\"padding-left:var(--wp--preset--spacing--80);flex-basis:50%\">\n<p class=\"has-text-color\" style=\"color:#1174b8\"><strong>RED CIUDADANA  <\/strong><\/p>\n\n\n\n<h1 class=\"wp-block-heading has-large-font-size\">\u00bfSab\u00edas que cuentas con un colectivo ciudadano que vela por tus intereses como residente?<\/h1>\n\n\n\n<p>La Red Ciudadana de la Colonia Zibat\u00e1 es un colectivo ciudadano interesado en:<\/p>\n\n\n\n<p>1) Preservar todos los aspectos positivos de nuestro fraccionamiento: belleza urbana, \u00e1reas verdes bien mantenidas, infraestructura en buen estado, seguridad eficiente y efectiva, y servicios de calidad, suficientes y a un precio justo.<\/p>\n\n\n\n<p>2) Observar, identificar, corregir, atenuar y eliminar todos los aspectos negativos que pudieran arribar a Zibat\u00e1: riesgos de seguridad, oportunismos peligrosos, contaminantes visuales y qu\u00edmico-f\u00edsicos, as\u00ed como violencia, depredaci\u00f3n y desestabilizaci\u00f3n social.&nbsp;&nbsp;<\/p>\n\n\n\n<p>3) Fomentar conciencia ciudadana para motivar cultura de participaci\u00f3n, colaboraci\u00f3n y responsabilidad, para construir un entorno de paz y bienestar, sustentado en el respeto, la organizaci\u00f3n, la cortes\u00eda y la uni\u00f3n.<\/p>\n\n\n\n<p>Para no caer en ning\u00fan conflicto de inter\u00e9s, los integrantes de la RCCZ se apegan a un estricto&nbsp;<a href=\"https:\/\/redzibata.org\/index.php\/codigo-de-valores\/\">c\u00f3digo de valores<\/a>; adem\u00e1s, realizan sus tareas de manera voluntaria, sin ning\u00fan pago o compensaci\u00f3n econ\u00f3mica, tan solo movidos por una aut\u00e9ntica conciencia de servicio comunitario y responsabilidad ciudadana.&nbsp;<\/p>\n\n\n\n<p>Conoce nuestra misi\u00f3n, objetivos, historia y m\u00e1s.<\/p>\n<\/div>\n<\/div>\n<\/div>\n<\/div>\n\n\n\n<div class=\"wp-block-group has-global-padding is-layout-constrained wp-block-group-is-layout-constrained\">\n<div class=\"wp-block-group has-primary-background-color has-background has-global-padding is-layout-constrained wp-block-group-is-layout-constrained\" style=\"padding-top:var(--wp--preset--spacing--small);padding-bottom:var(--wp--preset--spacing--small)\">\n<p class=\"has-text-align-center has-text-color\" style=\"color:#1174b8\"><strong>\u00bfC\u00d3MO SURGIERON?<\/strong><\/p>\n\n\n\n<h2 class=\"wp-block-heading has-text-align-center has-white-color has-text-color has-link-color wp-elements-d07f982d96c92937dd18712640b9f2e2\">\u00bfSabes c\u00f3mo nacieron las redes ciudadanas en M\u00e9xico y Quer\u00e9taro?<\/h2>\n\n\n\n<div class=\"wp-block-buttons is-content-justification-center is-layout-flex wp-container-core-buttons-is-layout-a89b3969 wp-block-buttons-is-layout-flex\">\n<div class=\"wp-block-button is-style-fill\"><a class=\"wp-block-button__link has-white-color has-text-color has-background has-link-color has-text-align-center wp-element-button\" href=\"https:\/\/redzibata.org\/index.php\/surgimiento-de-las-redes-ciudadanas\/\" style=\"background-color:#1174b8\" target=\"_blank\" rel=\"noreferrer noopener\">Leer m\u00e1s&#8230;<\/a><\/div>\n<\/div>\n<\/div>\n<\/div>\n\n\n\n<div id=\"team\" class=\"wp-block-group has-global-padding is-layout-constrained wp-block-group-is-layout-constrained\">\n<div class=\"wp-block-group is-layout-flow wp-block-group-is-layout-flow\">\n<div style=\"height:8px\" aria-hidden=\"true\" class=\"wp-block-spacer\"><\/div>\n\n\n\n<div class=\"wp-block-group alignfull has-background has-global-padding is-layout-constrained wp-block-group-is-layout-constrained\" style=\"background-color:#e5e9ec;padding-top:var(--wp--preset--spacing--small);padding-bottom:var(--wp--preset--spacing--small)\">\n<div class=\"wp-block-columns is-layout-flex wp-container-core-columns-is-layout-7db7aa3e wp-block-columns-is-layout-flex\" style=\"padding-right:0;padding-left:0\">\n<div class=\"wp-block-column is-vertically-aligned-center is-layout-flow wp-block-column-is-layout-flow\">\n<h2 class=\"wp-block-heading has-medium-font-size\" style=\"text-transform:uppercase\">Misi\u00f3n<\/h2>\n\n\n\n<p><strong>Proteger<\/strong> y <strong>representar<\/strong> los intereses de los residentes, <strong>mejorando<\/strong> y manteniendo la <strong>calidad de vida <\/strong>y <strong>seguridad<\/strong> integral en Zibat\u00e1, as\u00ed como <strong>preservar<\/strong> la integridad de los <strong>recursos<\/strong>, <strong>infraestructura<\/strong> y <strong>patrimonio<\/strong> comunal.<\/p>\n<\/div>\n\n\n\n<div class=\"wp-block-column is-layout-flow wp-block-column-is-layout-flow\">\n<figure class=\"wp-block-image size-large\"><img loading=\"lazy\" decoding=\"async\" width=\"1024\" height=\"674\" src=\"https:\/\/redzibata.org\/wp-content\/uploads\/2024\/02\/pexels-min-an-853168-1024x674.jpg\" alt=\"Red Ciudadana de la Colonia Zibat\u00e1, colectivo ciudadano buscando el bien com\u00fan de la comunidad.\" class=\"wp-image-133\" srcset=\"https:\/\/redzibata.org\/wp-content\/uploads\/2024\/02\/pexels-min-an-853168-1024x674.jpg 1024w, https:\/\/redzibata.org\/wp-content\/uploads\/2024\/02\/pexels-min-an-853168-300x198.jpg 300w, https:\/\/redzibata.org\/wp-content\/uploads\/2024\/02\/pexels-min-an-853168.jpg 1280w\" sizes=\"auto, (max-width: 1024px) 100vw, 1024px\" \/><\/figure>\n<\/div>\n<\/div>\n<\/div>\n\n\n\n<div class=\"wp-block-group alignfull has-background has-global-padding is-layout-constrained wp-block-group-is-layout-constrained\" style=\"background-color:#e5e9ec;padding-top:var(--wp--preset--spacing--small);padding-bottom:var(--wp--preset--spacing--small)\">\n<div class=\"wp-block-columns is-layout-flex wp-container-core-columns-is-layout-7db7aa3e wp-block-columns-is-layout-flex\" style=\"padding-right:0;padding-left:0\">\n<div class=\"wp-block-column is-vertically-aligned-center is-layout-flow wp-block-column-is-layout-flow\">\n<h2 class=\"wp-block-heading has-medium-font-size\" style=\"text-transform:uppercase\">objetivos<\/h2>\n\n\n\n<ul class=\"wp-block-list\">\n<li class=\"has-small-font-size\"><strong>Vincular<\/strong> a los <strong>residentes<\/strong> de Zibat\u00e1, a trav\u00e9s de presidentes de mesas directivas condominales y representantes de privadas, con las <strong>autoridades<\/strong> municipales y estatales para agilizar respuestas ante denuncias ciudadanas en temas de seguridad.<\/li>\n\n\n\n<li class=\"has-small-font-size\">Observar el comportamiento de la interacci\u00f3n entre autoridades y residentes para <strong>evitar<\/strong> y <strong>disuadir<\/strong> cualquier <strong>abuso de poder<\/strong>, y en su caso, denunciarlo p\u00fablicamente.<\/li>\n\n\n\n<li class=\"has-small-font-size\"><strong>Representar<\/strong> los <strong>intereses<\/strong> de los colonos ante la Asociaci\u00f3n de Colonos y los desarrolladores inmobiliarios.<\/li>\n\n\n\n<li class=\"has-small-font-size\"><strong>Apoyar<\/strong> la difusi\u00f3n de <strong>campa\u00f1as<\/strong> de concientizaci\u00f3n ciudadana.<\/li>\n\n\n\n<li class=\"has-small-font-size\"><strong>Promover<\/strong> la <strong>organizaci\u00f3n<\/strong> vecinal, articulando la eficaz intercomunicaci\u00f3n.<\/li>\n\n\n\n<li class=\"has-small-font-size\"><strong>Fomentar<\/strong> la cultura urbana de <strong>preservaci\u00f3n<\/strong> y cuidado de la infraestructura, de la convivencia pac\u00edfica, tolerancia, no discriminaci\u00f3n y respeto a los derechos humanos.<\/li>\n<\/ul>\n<\/div>\n\n\n\n<div class=\"wp-block-column is-layout-flow wp-block-column-is-layout-flow\">\n<figure class=\"wp-block-image size-large\"><img loading=\"lazy\" decoding=\"async\" width=\"683\" height=\"1024\" src=\"https:\/\/redzibata.org\/wp-content\/uploads\/2024\/02\/pexels-thirdman-7652039-683x1024.jpg\" alt=\"Red Ciudadana de la Colonia Zibat\u00e1, colectivo ciudadano buscando el bien com\u00fan de la comunidad.\" class=\"wp-image-153\" style=\"aspect-ratio:3\/4;object-fit:cover\" srcset=\"https:\/\/redzibata.org\/wp-content\/uploads\/2024\/02\/pexels-thirdman-7652039-683x1024.jpg 683w, https:\/\/redzibata.org\/wp-content\/uploads\/2024\/02\/pexels-thirdman-7652039-200x300.jpg 200w, https:\/\/redzibata.org\/wp-content\/uploads\/2024\/02\/pexels-thirdman-7652039-2000x3000.jpg 2000w, https:\/\/redzibata.org\/wp-content\/uploads\/2024\/02\/pexels-thirdman-7652039-scaled.jpg 1707w\" sizes=\"auto, (max-width: 683px) 100vw, 683px\" \/><\/figure>\n<\/div>\n<\/div>\n<\/div>\n\n\n\n<div style=\"height:var(--wp--preset--spacing--small)\" aria-hidden=\"true\" class=\"wp-block-spacer\"><\/div>\n\n\n\n<div class=\"wp-block-group alignfull is-layout-flow wp-container-core-group-is-layout-c4d5c1b7 wp-block-group-is-layout-flow\" id=\"cover\" style=\"margin-top:0px;margin-bottom:0px\">\n<div class=\"wp-block-cover alignfull\" style=\"min-height:549px;aspect-ratio:unset;\"><span aria-hidden=\"true\" class=\"wp-block-cover__background has-black-background-color has-background-dim\"><\/span><img loading=\"lazy\" decoding=\"async\" width=\"1446\" height=\"1949\" class=\"wp-block-cover__image-background wp-image-154\" alt=\"Red Ciudadana de la Colonia Zibat\u00e1, colectivo ciudadano buscando el bien com\u00fan de la comunidad.\" src=\"https:\/\/redzibata.org\/wp-content\/uploads\/2024\/02\/IMG_0955-scaled-e1707851771549.jpg\" style=\"object-position:75% 88%\" data-object-fit=\"cover\" data-object-position=\"75% 88%\" srcset=\"https:\/\/redzibata.org\/wp-content\/uploads\/2024\/02\/IMG_0955-scaled-e1707851771549.jpg 1446w, https:\/\/redzibata.org\/wp-content\/uploads\/2024\/02\/IMG_0955-scaled-e1707851771549-223x300.jpg 223w, https:\/\/redzibata.org\/wp-content\/uploads\/2024\/02\/IMG_0955-scaled-e1707851771549-760x1024.jpg 760w, https:\/\/redzibata.org\/wp-content\/uploads\/2024\/02\/IMG_0955-scaled-e1707851771549-768x1035.jpg 768w, https:\/\/redzibata.org\/wp-content\/uploads\/2024\/02\/IMG_0955-scaled-e1707851771549-1140x1536.jpg 1140w\" sizes=\"auto, (max-width: 1446px) 100vw, 1446px\" \/><div class=\"wp-block-cover__inner-container has-global-padding is-layout-constrained wp-block-cover-is-layout-constrained\">\n<div class=\"wp-block-group has-global-padding is-layout-constrained wp-container-core-group-is-layout-4383d167 wp-block-group-is-layout-constrained\">\n<h2 class=\"wp-block-heading has-white-color has-text-color has-large-font-size\">La Red Ciudadana de Zibat\u00e1 a lo largo del tiempo<\/h2>\n\n\n\n<p>S\u00e9 testigo de c\u00f3mo nos hemos fortalecido y organizado a lo largo del tiempo. Tambi\u00e9n conoce a los residentes que ejemplarmente dieron su tiempo y voluntad al servicio de la comunidad, construyendo las bases de lo que somos hoy en d\u00eda.<\/p>\n\n\n\n<div style=\"height:31px\" aria-hidden=\"true\" class=\"wp-block-spacer\"><\/div>\n\n\n\n<div class=\"wp-block-buttons is-layout-flex wp-block-buttons-is-layout-flex\">\n<div class=\"wp-block-button is-style-fill\" style=\"text-transform:uppercase\"><a class=\"wp-block-button__link has-background wp-element-button\" href=\"https:\/\/youtu.be\/AjOET0PCfBQ\" style=\"border-radius:0px;background-color:#1174b8\" target=\"_blank\" rel=\"noreferrer noopener\">L\u00cdNEA DEL TIEMPO<\/a><\/div>\n\n\n\n<div class=\"wp-block-button is-style-outline is-style-outline--1\" style=\"text-transform:uppercase\"><a class=\"wp-block-button__link wp-element-button\" href=\"https:\/\/redzibata.org\/index.php\/galeria-de-honor-reconociendo-a-quienes-han-dejado-huella\/\" style=\"border-radius:0px\">reconociendo a quienes han dejado huella<\/a><\/div>\n<\/div>\n<\/div>\n<\/div><\/div>\n<\/div>\n\n\n\n<hr class=\"wp-block-separator has-alpha-channel-opacity\" style=\"margin-top:var(--wp--preset--spacing--small);margin-bottom:var(--wp--preset--spacing--small)\"\/>\n\n\n\n<h2 class=\"wp-block-heading has-text-color has-link-color wp-elements-0bf8de54c1ed1e893ce3ca63ea5ce534\" style=\"color:#1174b8\">Preguntas frecuentes<\/h2>\n\n\n\n<h3 class=\"wp-block-heading\"><em>\u00bfEs lo mismo la Red Ciudadana y la Asociaci\u00f3n de Colonos de Zibat\u00e1?<\/em><\/h3>\n\n\n\n<p>No, tanto la Red Ciudadana como la Asociaci\u00f3n de Colonos del Fraccionamiento Zibat\u00e1, A. C. son entidades distintas.<\/p>\n\n\n\n<p>Reconocemos a la Asociaci\u00f3n de Colonos como representante jur\u00eddico de los asociados (propietarios de viviendas, locales comerciales y terrenos en Zibat\u00e1) y como la instancia administradora de los recursos comunes de la Asociaci\u00f3n.<\/p>\n\n\n\n<div style=\"height:20px\" aria-hidden=\"true\" class=\"wp-block-spacer\"><\/div>\n\n\n\n<div style=\"height:0px\" aria-hidden=\"true\" class=\"wp-block-spacer\"><\/div>\n<\/div>\n<\/div>\n\n\n\n<hr class=\"wp-block-separator has-alpha-channel-opacity\"\/>\n\n\n\n<div style=\"height:var(--wp--preset--spacing--small)\" aria-hidden=\"true\" class=\"wp-block-spacer\"><\/div>\n\n\n\n<div class=\"wp-block-group has-global-padding is-layout-constrained wp-block-group-is-layout-constrained\">\n<div class=\"wp-block-group is-layout-flow wp-block-group-is-layout-flow\">\n<div class=\"wp-block-group alignfull is-layout-flow wp-container-core-group-is-layout-c4d5c1b7 wp-block-group-is-layout-flow\" id=\"cover\" style=\"margin-top:0px;margin-bottom:0px\">\n<div class=\"wp-block-cover alignfull\" style=\"min-height:549px;aspect-ratio:unset;\"><span aria-hidden=\"true\" class=\"wp-block-cover__background has-black-background-color has-background-dim\"><\/span><img loading=\"lazy\" decoding=\"async\" width=\"1707\" height=\"2560\" class=\"wp-block-cover__image-background wp-image-153\" alt=\"Red Ciudadana de la Colonia Zibat\u00e1, colectivo ciudadano buscando el bien com\u00fan de la comunidad.\" src=\"https:\/\/redzibata.org\/wp-content\/uploads\/2024\/02\/pexels-thirdman-7652039-scaled.jpg\" data-object-fit=\"cover\" srcset=\"https:\/\/redzibata.org\/wp-content\/uploads\/2024\/02\/pexels-thirdman-7652039-scaled.jpg 1707w, https:\/\/redzibata.org\/wp-content\/uploads\/2024\/02\/pexels-thirdman-7652039-200x300.jpg 200w, https:\/\/redzibata.org\/wp-content\/uploads\/2024\/02\/pexels-thirdman-7652039-683x1024.jpg 683w, https:\/\/redzibata.org\/wp-content\/uploads\/2024\/02\/pexels-thirdman-7652039-2000x3000.jpg 2000w\" sizes=\"auto, (max-width: 1707px) 100vw, 1707px\" \/><div class=\"wp-block-cover__inner-container has-global-padding is-layout-constrained wp-block-cover-is-layout-constrained\">\n<div class=\"wp-block-group has-global-padding is-layout-constrained wp-container-core-group-is-layout-4383d167 wp-block-group-is-layout-constrained\">\n<h2 class=\"wp-block-heading has-white-color has-text-color has-large-font-size\">Estructura<\/h2>\n\n\n\n<p>En la Red Ciudadana estamos organizados en comisiones. Cada una es un \u00f3rgano independiente que lleva a cabo sus reuniones peri\u00f3dicas y proyectos con la idea de cumplir las metas que se han fijado. Conoce cu\u00e1ntas comisiones existen y cu\u00e1l es su funci\u00f3n principal.  <\/p>\n\n\n\n<div style=\"height:31px\" aria-hidden=\"true\" class=\"wp-block-spacer\"><\/div>\n\n\n\n<div class=\"wp-block-buttons is-layout-flex wp-block-buttons-is-layout-flex\">\n<div class=\"wp-block-button is-style-fill\" style=\"text-transform:uppercase\"><a class=\"wp-block-button__link has-background wp-element-button\" href=\"https:\/\/redzibata.org\/index.php\/comisiones\/\" style=\"border-radius:0px;background-color:#1174b8\">CONOCE M\u00e1s<\/a><\/div>\n<\/div>\n<\/div>\n<\/div><\/div>\n<\/div>\n\n\n\n<hr class=\"wp-block-separator has-text-color has-lightgrey-color has-alpha-channel-opacity has-lightgrey-background-color has-background is-style-wide\"\/>\n\n\n\n<div class=\"wp-block-columns are-vertically-aligned-center is-layout-flex wp-container-core-columns-is-layout-4ed999c3 wp-block-columns-is-layout-flex\" style=\"padding-top:var(--wp--preset--spacing--60);padding-bottom:var(--wp--preset--spacing--60);padding-left:0\">\n<div class=\"wp-block-column is-vertically-aligned-center has-global-padding is-content-justification-left is-layout-constrained wp-container-core-column-is-layout-12dd3699 wp-block-column-is-layout-constrained\" style=\"flex-basis:66.66%\">\n<h2 class=\"wp-block-heading\">\u00bfQuieres unirte al equipo?<\/h2>\n\n\n\n<p>Consulta los requisitos para formar parte de la Red Ciudadana. <\/p>\n<\/div>\n\n\n\n<div class=\"wp-block-column is-vertically-aligned-center is-layout-flow wp-block-column-is-layout-flow\" style=\"flex-basis:33.33%\">\n<div class=\"wp-block-buttons is-content-justification-right is-layout-flex wp-container-core-buttons-is-layout-d445cf74 wp-block-buttons-is-layout-flex\">\n<div class=\"wp-block-button\"><a class=\"wp-block-button__link has-primary-background-color has-background wp-element-button\" href=\"\/wp-login.php?action=register\" target=\"_blank\" rel=\"noreferrer noopener\">Quiero ser parte de la Red<\/a><\/div>\n<\/div>\n<\/div>\n<\/div>\n<\/div>\n<\/div>\n\n\n\n<div style=\"height:50px\" aria-hidden=\"true\" class=\"wp-block-spacer\"><\/div>\n","protected":false},"excerpt":{"rendered":"<p>RED CIUDADANA &iquest;Sab&iacute;as que cuentas con un colectivo ciudadano que vela por tus intereses como residente? La Red Ciudadana de la Colonia Zibat&aacute; es un colectivo ciudadano interesado en: 1) &hellip; <\/p>\n<p class=\"link-more\"><a href=\"https:\/\/redzibata.org\/index.php\/acerca-de-nosotros\/\" class=\"more-link\">Leer m\u00e1s<span class=\"screen-reader-text\"> \u00abCon\u00f3cenos\u00bb<\/span><\/a><\/p>\n","protected":false},"author":2,"featured_media":119,"parent":0,"menu_order":0,"comment_status":"closed","ping_status":"closed","template":"","meta":{"footnotes":""},"class_list":["post-129","page","type-page","status-publish","has-post-thumbnail","hentry"],"_links":{"self":[{"href":"https:\/\/redzibata.org\/index.php\/wp-json\/wp\/v2\/pages\/129","targetHints":{"allow":["GET"]}}],"collection":[{"href":"https:\/\/redzibata.org\/index.php\/wp-json\/wp\/v2\/pages"}],"about":[{"href":"https:\/\/redzibata.org\/index.php\/wp-json\/wp\/v2\/types\/page"}],"author":[{"embeddable":true,"href":"https:\/\/redzibata.org\/index.php\/wp-json\/wp\/v2\/users\/2"}],"replies":[{"embeddable":true,"href":"https:\/\/redzibata.org\/index.php\/wp-json\/wp\/v2\/comments?post=129"}],"version-history":[{"count":40,"href":"https:\/\/redzibata.org\/index.php\/wp-json\/wp\/v2\/pages\/129\/revisions"}],"predecessor-version":[{"id":1147,"href":"https:\/\/redzibata.org\/index.php\/wp-json\/wp\/v2\/pages\/129\/revisions\/1147"}],"wp:featuredmedia":[{"embeddable":true,"href":"https:\/\/redzibata.org\/index.php\/wp-json\/wp\/v2\/media\/119"}],"wp:attachment":[{"href":"https:\/\/redzibata.org\/index.php\/wp-json\/wp\/v2\/media?parent=129"}],"curies":[{"name":"wp","href":"https:\/\/api.w.org\/{rel}","templated":true}]}}