{"id":214,"date":"2024-02-15T22:39:39","date_gmt":"2024-02-15T22:39:39","guid":{"rendered":"https:\/\/jovial-yalow.104-219-41-121.plesk.page\/?page_id=214"},"modified":"2024-08-03T14:15:50","modified_gmt":"2024-08-03T20:15:50","slug":"adherente-activo","status":"publish","type":"page","link":"https:\/\/redzibata.org\/index.php\/adherente-activo\/","title":{"rendered":"Adherente Activo"},"content":{"rendered":"\n<p>Una vez que eres adherente de la RCCZ, puedes participar de manera activa en los distintos proyectos e iniciativas que llevamos a cabo. Si tienes una pasi\u00f3n particular o habilidad, \u00fanete al equipo y encabeza cambios significativos en nuestra comunidad.<\/p>\n\n\n\n<p>Al ser parte de este grupo, podr\u00e1s recibir los siguientes beneficios:<\/p>\n\n\n\n<ul class=\"wp-block-list\">\n<li>Proteger a tu comunidad al encabezar en equipo proyectos comunitarios.<\/li>\n\n\n\n<li>Llevar a cabo actividades en beneficio de la comunidad organizadas por la RCCZ.<\/li>\n\n\n\n<li>Estar al tanto de las campa\u00f1as y programas que lleva a cabo las autoridades para mejorar la seguridad en la comunidad.<\/li>\n\n\n\n<li>Asistencia a eventos y talleres exclusivos con diferentes organismos gubernamentales y privados sobre tem\u00e1ticas de desarrollo social, seguridad y sana convivencia.  <\/li>\n<\/ul>\n\n\n\n<h2 class=\"wp-block-heading\">Requisitos<\/h2>\n\n\n\n<ul class=\"wp-block-list\">\n<li>Haber asistido a una pl\u00e1tica de inducci\u00f3n a la RCCZ.<\/li>\n\n\n\n<li>Haber firmado tu hoja de adhesi\u00f3n de la RCCZ.<\/li>\n\n\n\n<li>Ser experto en alg\u00fan \u00e1rea \u00fatil para la RCCZ o ser representante o presidente en alg\u00fan fraccionamiento o condominio.<\/li>\n\n\n\n<li>Estar de acuerdo con el <a href=\"https:\/\/redzibata.org\/index.php\/codigo-de-valores\/\" data-type=\"page\" data-id=\"234\"><mark style=\"background-color:rgba(0, 0, 0, 0)\" class=\"has-inline-color has-secondary-color\">C\u00f3digo de Valores<\/mark><\/a>.<\/li>\n<\/ul>\n\n\n\n<h2 class=\"wp-block-heading\">S\u00e9 parte del equipo<\/h2>\n\n\n\n<p>Si quieres formar parte clave en el logro de los objetivos como Red, <a href=\"https:\/\/redzibata.org\/index.php\/contacto\/\" data-type=\"link\" data-id=\"https:\/\/redzibata.org\/index.php\/contacto\/\"><mark style=\"background-color:rgba(0, 0, 0, 0)\" class=\"has-inline-color has-secondary-color\">Cont\u00e1ctanos !<\/mark><\/a><\/p>\n\n\n\n<div style=\"height:var(--wp--preset--spacing--medium)\" aria-hidden=\"true\" class=\"wp-block-spacer\"><\/div>\n\n\n\n<div class=\"wp-block-group alignfull is-layout-flow wp-container-core-group-is-layout-c4d5c1b7 wp-block-group-is-layout-flow\" id=\"cover\" style=\"margin-top:0px;margin-bottom:0px\">\n<div class=\"wp-block-cover alignfull\" style=\"min-height:549px;aspect-ratio:unset;\"><span aria-hidden=\"true\" class=\"wp-block-cover__background has-black-background-color has-background-dim\"><\/span><img loading=\"lazy\" decoding=\"async\" width=\"1280\" height=\"721\" class=\"wp-block-cover__image-background wp-image-224\" alt=\"Red Ciudadana de la Colonia Zibat\u00e1, colectivo ciudadano buscando el bien com\u00fan de la comunidad.\" src=\"https:\/\/redzibata.org\/wp-content\/uploads\/2024\/02\/pexels-kindel-media-6774441.jpg\" data-object-fit=\"cover\" srcset=\"https:\/\/redzibata.org\/wp-content\/uploads\/2024\/02\/pexels-kindel-media-6774441.jpg 1280w, https:\/\/redzibata.org\/wp-content\/uploads\/2024\/02\/pexels-kindel-media-6774441-300x169.jpg 300w, https:\/\/redzibata.org\/wp-content\/uploads\/2024\/02\/pexels-kindel-media-6774441-1024x577.jpg 1024w\" sizes=\"auto, (max-width: 1280px) 100vw, 1280px\" \/><div class=\"wp-block-cover__inner-container has-global-padding is-layout-constrained wp-block-cover-is-layout-constrained\">\n<div class=\"wp-block-group has-global-padding is-layout-constrained wp-container-core-group-is-layout-4383d167 wp-block-group-is-layout-constrained\">\n<h2 class=\"wp-block-heading has-white-color has-text-color has-large-font-size\">Recibe nuestro bolet\u00edn electr\u00f3nico  <\/h2>\n\n\n\n<p>Suscr\u00edbete a nuestra publicaci\u00f3n para conocer sobre nuestras acciones y c\u00f3mo puedes contribuir a mejorar la calidad de vida y seguridad en la comunidad. Es totalmente gratuito.<\/p>\n\n\n\n<div style=\"height:31px\" aria-hidden=\"true\" class=\"wp-block-spacer\"><\/div>\n\n\n\n<div class=\"wp-block-buttons is-layout-flex wp-block-buttons-is-layout-flex\">\n<div class=\"wp-block-button is-style-fill\" style=\"text-transform:uppercase\"><a class=\"wp-block-button__link has-background wp-element-button\" href=\"https:\/\/redzibata.org\/wp-login.php?action=register\" style=\"border-radius:0px;background-color:#1174b8\">QUIERO SUSCRIBIRME<\/a><\/div>\n<\/div>\n<\/div>\n<\/div><\/div>\n<\/div>\n","protected":false},"excerpt":{"rendered":"<p>Una vez que eres adherente de la RCCZ, puedes participar de manera activa en los distintos proyectos e iniciativas que llevamos a cabo. Si tienes una pasi&oacute;n particular o habilidad, &hellip; <\/p>\n<p class=\"link-more\"><a href=\"https:\/\/redzibata.org\/index.php\/adherente-activo\/\" class=\"more-link\">Leer m\u00e1s<span class=\"screen-reader-text\"> \u00abAdherente Activo\u00bb<\/span><\/a><\/p>\n","protected":false},"author":2,"featured_media":224,"parent":0,"menu_order":0,"comment_status":"closed","ping_status":"closed","template":"","meta":{"footnotes":""},"class_list":["post-214","page","type-page","status-publish","has-post-thumbnail","hentry"],"_links":{"self":[{"href":"https:\/\/redzibata.org\/index.php\/wp-json\/wp\/v2\/pages\/214","targetHints":{"allow":["GET"]}}],"collection":[{"href":"https:\/\/redzibata.org\/index.php\/wp-json\/wp\/v2\/pages"}],"about":[{"href":"https:\/\/redzibata.org\/index.php\/wp-json\/wp\/v2\/types\/page"}],"author":[{"embeddable":true,"href":"https:\/\/redzibata.org\/index.php\/wp-json\/wp\/v2\/users\/2"}],"replies":[{"embeddable":true,"href":"https:\/\/redzibata.org\/index.php\/wp-json\/wp\/v2\/comments?post=214"}],"version-history":[{"count":15,"href":"https:\/\/redzibata.org\/index.php\/wp-json\/wp\/v2\/pages\/214\/revisions"}],"predecessor-version":[{"id":1057,"href":"https:\/\/redzibata.org\/index.php\/wp-json\/wp\/v2\/pages\/214\/revisions\/1057"}],"wp:featuredmedia":[{"embeddable":true,"href":"https:\/\/redzibata.org\/index.php\/wp-json\/wp\/v2\/media\/224"}],"wp:attachment":[{"href":"https:\/\/redzibata.org\/index.php\/wp-json\/wp\/v2\/media?parent=214"}],"curies":[{"name":"wp","href":"https:\/\/api.w.org\/{rel}","templated":true}]}}