{"id":315,"date":"2024-02-27T14:10:46","date_gmt":"2024-02-27T20:10:46","guid":{"rendered":"https:\/\/jovial-yalow.104-219-41-121.plesk.page\/?page_id=315"},"modified":"2024-09-29T15:33:19","modified_gmt":"2024-09-29T21:33:19","slug":"inicio-2","status":"publish","type":"page","link":"https:\/\/redzibata.org\/","title":{"rendered":""},"content":{"rendered":"\n<div class=\"wp-block-group has-global-padding is-layout-constrained wp-block-group-is-layout-constrained\">\n<div class=\"wp-block-group alignfull has-background-background-color has-background has-global-padding is-layout-constrained wp-block-group-is-layout-constrained\" style=\"margin-top:0px;margin-bottom:0px;padding-top:var(--wp--preset--spacing--xx-large);padding-bottom:var(--wp--preset--spacing--xx-large)\">\n<div class=\"wp-block-buttons is-content-justification-center is-layout-flex wp-container-core-buttons-is-layout-2af897fb wp-block-buttons-is-layout-flex\" style=\"margin-top:var(--wp--preset--spacing--medium)\">\n<div class=\"wp-block-button has-custom-font-size is-style-fill has-small-font-size\"><a class=\"wp-block-button__link has-background wp-element-button\" href=\"\/wp-login.php?action=register\" style=\"background-color:#1174b8;padding-top:var(--wp--preset--spacing--x-small);padding-right:var(--wp--preset--spacing--x-small);padding-bottom:var(--wp--preset--spacing--x-small);padding-left:var(--wp--preset--spacing--x-small)\">Recibe Nuestras Publicaciones \u2192<\/a><\/div>\n<\/div>\n\n\n\n<p class=\"has-text-align-center has-small-font-size\" style=\"margin-top:var(--wp--preset--spacing--x-small)\">Con informaci\u00f3n relevante de nuestra comunidad zibatense, en tu e-mail.<\/p>\n<\/div>\n\n\n\n<hr class=\"wp-block-separator has-alpha-channel-opacity\" style=\"margin-top:var(--wp--preset--spacing--medium);margin-bottom:var(--wp--preset--spacing--medium)\"\/>\n\n\n\n<h2 class=\"wp-block-heading has-large-font-size\" id=\"inspiro-is-a-digital-product-agency-that-focuses-on-strategy-and-design\" style=\"font-style:normal;font-weight:100\"><strong>\u00bfSabes qu\u00e9 es una red ciudadana?<\/strong><\/h2>\n\n\n\n<h3 class=\"wp-block-heading\">Descubre el origen y la historia de la Red Ciudadana de la Colonia Zibat\u00e1, as\u00ed como las formas en las que puedes participar.<\/h3>\n\n\n\n<div style=\"height:12px\" aria-hidden=\"true\" class=\"wp-block-spacer\"><\/div>\n\n\n\n<div class=\"wp-block-columns is-layout-flex wp-container-core-columns-is-layout-28f84493 wp-block-columns-is-layout-flex\">\n<div class=\"wp-block-column is-layout-flow wp-block-column-is-layout-flow\">\n<figure class=\"wp-block-embed is-type-video is-provider-youtube wp-block-embed-youtube wp-embed-aspect-16-9 wp-has-aspect-ratio\" style=\"margin-top:0;margin-right:0;margin-bottom:0;margin-left:0\"><div class=\"wp-block-embed__wrapper\">\n<iframe loading=\"lazy\" title=\"\u00bfQu\u00e9 es la red ciudadana de la colonia Zibat\u00e1?\" width=\"950\" height=\"534\" src=\"https:\/\/www.youtube.com\/embed\/12PNDNDTxi4?feature=oembed\" frameborder=\"0\" allow=\"accelerometer; autoplay; clipboard-write; encrypted-media; gyroscope; picture-in-picture; web-share\" referrerpolicy=\"strict-origin-when-cross-origin\" allowfullscreen><\/iframe>\n<\/div><figcaption class=\"wp-element-caption\">Video<\/figcaption><\/figure>\n\n\n\n<h3 class=\"wp-block-heading has-black-color has-text-color has-medium-font-size\"><strong>Redes ciudadanas: sus inicios   <\/strong><\/h3>\n\n\n\n<p class=\"has-text-color\" style=\"color:#7a7a7a\">\u00bfSabes c\u00f3mo surgieron las redes ciudadanas, entre ellas la de Zibat\u00e1? <a href=\"https:\/\/youtu.be\/12PNDNDTxi4\">Aqu\u00ed<\/a> te lo contamos todo. Tambi\u00e9n te diremos cu\u00e1l es su misi\u00f3n y objetivos.<\/p>\n<\/div>\n\n\n\n<div class=\"wp-block-column is-layout-flow wp-block-column-is-layout-flow\">\n<figure class=\"wp-block-image size-large\"><img loading=\"lazy\" decoding=\"async\" width=\"1024\" height=\"682\" src=\"https:\/\/redzibata.org\/wp-content\/uploads\/2024\/02\/pexels-yan-krukov-7793678-1024x682.jpg\" alt=\"Red Ciudadana de la Colonia Zibat\u00e1, colectivo ciudadano buscando el bien com\u00fan de la comunidad.\" class=\"wp-image-184\" srcset=\"https:\/\/redzibata.org\/wp-content\/uploads\/2024\/02\/pexels-yan-krukov-7793678-1024x682.jpg 1024w, https:\/\/redzibata.org\/wp-content\/uploads\/2024\/02\/pexels-yan-krukov-7793678-300x200.jpg 300w, https:\/\/redzibata.org\/wp-content\/uploads\/2024\/02\/pexels-yan-krukov-7793678.jpg 1280w\" sizes=\"auto, (max-width: 1024px) 100vw, 1024px\" \/><\/figure>\n\n\n\n<h3 class=\"wp-block-heading has-black-color has-text-color has-medium-font-size\">Participa <strong>con nosotros<\/strong><\/h3>\n\n\n\n<p class=\"has-text-color\" style=\"color:#7a7a7a\">\u00bfVives en Zibat\u00e1? participa para hacer de esta comunidad un lugar m\u00e1s seguro y conservar la calidad de vida. <a href=\"https:\/\/redzibata.org\/index.php\/participa\/\" data-type=\"page\" data-id=\"44\">Leer m\u00e1s..<\/a>.<\/p>\n<\/div>\n\n\n\n<div class=\"wp-block-column is-layout-flow wp-block-column-is-layout-flow\">\n<figure class=\"wp-block-embed is-type-video is-provider-youtube wp-block-embed-youtube wp-embed-aspect-16-9 wp-has-aspect-ratio\"><div class=\"wp-block-embed__wrapper\">\n<iframe loading=\"lazy\" title=\"Historia Red Ciudadana (2019-2023)\" width=\"950\" height=\"534\" src=\"https:\/\/www.youtube.com\/embed\/AjOET0PCfBQ?feature=oembed\" frameborder=\"0\" allow=\"accelerometer; autoplay; clipboard-write; encrypted-media; gyroscope; picture-in-picture; web-share\" referrerpolicy=\"strict-origin-when-cross-origin\" allowfullscreen><\/iframe>\n<\/div><figcaption class=\"wp-element-caption\">Video<\/figcaption><\/figure>\n\n\n\n<h3 class=\"wp-block-heading has-black-color has-text-color has-medium-font-size\">L\u00ednea del tiempo<\/h3>\n\n\n\n<p class=\"has-text-color\" style=\"color:#7a7a7a\">Con el paso del tiempo, la Red ha sumado nuevos logros y se ha transformado. <a href=\"https:\/\/youtu.be\/AjOET0PCfBQ\">Conoce<\/a> c\u00f3mo ha sido su actuar a trav\u00e9s del tiempo. <\/p>\n<\/div>\n<\/div>\n\n\n\n<hr class=\"wp-block-separator has-alpha-channel-opacity\" style=\"margin-top:var(--wp--preset--spacing--medium);margin-bottom:var(--wp--preset--spacing--medium)\"\/>\n\n\n\n<div id=\"news\" class=\"wp-block-group has-global-padding is-layout-constrained wp-block-group-is-layout-constrained\">\n<p class=\"has-text-align-left has-tertiary-color has-text-color\">SECCI\u00d3N DE BLOG<\/p>\n\n\n\n<h2 class=\"wp-block-heading has-text-align-left\">Art\u00edculos m\u00e1s recientes<\/h2>\n\n\n\n<h2 class=\"has-text-align-center\" style=\"text-align: right;\"><a href=\"https:\/\/redzibata.org\/index.php\/blog\/\" data-type=\"link\" data-id=\"https:\/\/redzibata.org\/index.php\/blog\/\"><strong><mark class=\"has-inline-color has-secondary-color\" style=\"background-color: rgba(0, 0, 0, 0);\">Ver m\u00e1s publicaciones y eventos<\/mark><\/strong><\/a><\/h2>\n\n\n\n<div class=\"wp-block-query is-layout-flow wp-block-query-is-layout-flow\"><ul class=\"columns-3 wp-block-post-template is-layout-grid wp-container-core-post-template-is-layout-6aac66c0 wp-block-post-template-is-layout-grid\"><li class=\"wp-block-post post-1338 post type-post status-publish format-standard has-post-thumbnail hentry category-comision-recursos-hidricos\">\n<figure style=\"width:100%;height:240px; margin-bottom:var(--wp--preset--spacing--x-small);\" class=\"wp-block-post-featured-image\"><a href=\"https:\/\/redzibata.org\/index.php\/blog\/comision-recursos-hidricos\/que-cosas-debemos-saber-en-relacion-al-tratamiento-de-aguas-residuales-en-zibata\/\" target=\"_self\"  style=\"height:240px\"><img loading=\"lazy\" decoding=\"async\" width=\"1376\" height=\"768\" src=\"https:\/\/redzibata.org\/wp-content\/uploads\/2026\/04\/Visita-plantas-tratamiento-1.png\" class=\"attachment-post-thumbnail size-post-thumbnail wp-post-image\" alt=\"Qu\u00e9 cosas debemos saber en relaci\u00f3n al tratamiento de aguas residuales, en Zibat\u00e1&#8230;\" style=\"border-radius:5px;height:240px;object-fit:cover;\" srcset=\"https:\/\/redzibata.org\/wp-content\/uploads\/2026\/04\/Visita-plantas-tratamiento-1.png 1376w, https:\/\/redzibata.org\/wp-content\/uploads\/2026\/04\/Visita-plantas-tratamiento-1-300x167.png 300w, https:\/\/redzibata.org\/wp-content\/uploads\/2026\/04\/Visita-plantas-tratamiento-1-1024x572.png 1024w\" sizes=\"auto, 100vw\" \/><\/a><\/figure>\n\n<div style=\"margin-top:0;margin-bottom:0;\" class=\"has-link-color wp-elements-a1817b6b9e4eaefd5826fde68b0a8fdb wp-block-post-date has-text-color has-tertiary-color\"><time datetime=\"2026-04-29T09:30:47-06:00\">29 de abril de 2026<\/time><\/div>\n\n<h3 style=\"margin-top:0;margin-bottom:var(--wp--preset--spacing--x-small);\" class=\"has-link-color wp-elements-2e75b4e4fab489cf445e03eda13279d1 wp-block-post-title\"><a href=\"https:\/\/redzibata.org\/index.php\/blog\/comision-recursos-hidricos\/que-cosas-debemos-saber-en-relacion-al-tratamiento-de-aguas-residuales-en-zibata\/\" target=\"_self\" >Qu\u00e9 cosas debemos saber en relaci\u00f3n al tratamiento de aguas residuales, en Zibat\u00e1&#8230;<\/a><\/h3>\n\n<div class=\"has-link-color wp-elements-61eeeb1d6c31f3761cb8bc35b6e1a095 wp-block-post-excerpt has-text-color has-tertiary-color\"><p class=\"wp-block-post-excerpt__excerpt\">Toda el agua residual en Zibat&aacute; se trata y utiliza en el riego de &aacute;reas verdes, parques y el campo del golf; por ello, no debemos arrojar basura, pinturas, aceites, &hellip; Leer m&aacute;s &laquo;Qu&eacute; cosas debemos saber en&hellip; <\/p><\/div>\n\n<a style=\"text-transform:uppercase; border-width:2px; padding-right:var(--wp--preset--spacing--x-small);padding-left:var(--wp--preset--spacing--x-small);padding-top:10px;padding-bottom:10px;\" class=\"wp-block-read-more has-text-color has-foreground-color\" href=\"https:\/\/redzibata.org\/index.php\/blog\/comision-recursos-hidricos\/que-cosas-debemos-saber-en-relacion-al-tratamiento-de-aguas-residuales-en-zibata\/\" target=\"_self\">Leer m\u00e1s<span class=\"screen-reader-text\">: Qu\u00e9 cosas debemos saber en relaci\u00f3n al tratamiento de aguas residuales, en Zibat\u00e1&#8230;<\/span><\/a>\n<\/li><li class=\"wp-block-post post-1325 post type-post status-publish format-standard has-post-thumbnail hentry category-pronunciamientos\">\n<figure style=\"width:100%;height:240px; margin-bottom:var(--wp--preset--spacing--x-small);\" class=\"wp-block-post-featured-image\"><a href=\"https:\/\/redzibata.org\/index.php\/blog\/pronunciamientos\/pronunciamientos-de-la-red-ciudadana-de-la-colonia-zibata\/\" target=\"_self\"  style=\"height:240px\"><img loading=\"lazy\" decoding=\"async\" width=\"2560\" height=\"785\" src=\"https:\/\/redzibata.org\/wp-content\/uploads\/2026\/04\/Engranajecomunitario-3-scaled.png\" class=\"attachment-post-thumbnail size-post-thumbnail wp-post-image\" alt=\"Pronunciamientos de la Red Ciudadana de la Colonia Zibata\u0301\" style=\"border-radius:5px;height:240px;object-fit:cover;\" srcset=\"https:\/\/redzibata.org\/wp-content\/uploads\/2026\/04\/Engranajecomunitario-3-scaled.png 2560w, https:\/\/redzibata.org\/wp-content\/uploads\/2026\/04\/Engranajecomunitario-3-300x92.png 300w, https:\/\/redzibata.org\/wp-content\/uploads\/2026\/04\/Engranajecomunitario-3-1024x314.png 1024w, https:\/\/redzibata.org\/wp-content\/uploads\/2026\/04\/Engranajecomunitario-3-2000x613.png 2000w\" sizes=\"auto, 100vw\" \/><\/a><\/figure>\n\n<div style=\"margin-top:0;margin-bottom:0;\" class=\"has-link-color wp-elements-a1817b6b9e4eaefd5826fde68b0a8fdb wp-block-post-date has-text-color has-tertiary-color\"><time datetime=\"2026-04-22T11:01:52-06:00\">22 de abril de 2026<\/time><\/div>\n\n<h3 style=\"margin-top:0;margin-bottom:var(--wp--preset--spacing--x-small);\" class=\"has-link-color wp-elements-2e75b4e4fab489cf445e03eda13279d1 wp-block-post-title\"><a href=\"https:\/\/redzibata.org\/index.php\/blog\/pronunciamientos\/pronunciamientos-de-la-red-ciudadana-de-la-colonia-zibata\/\" target=\"_self\" >Pronunciamientos de la Red Ciudadana de la Colonia Zibata\u0301<\/a><\/h3>\n\n<div class=\"has-link-color wp-elements-61eeeb1d6c31f3761cb8bc35b6e1a095 wp-block-post-excerpt has-text-color has-tertiary-color\"><p class=\"wp-block-post-excerpt__excerpt\">Dinamizando el engranaje comunitario Tal como se ha difundido, la Red Ciudadana de la Colonia Zibat&aacute; apela a un bienestar colectivo, abriendo caminos para resolver desaf&iacute;os comunitarios, con solidaridad, consenso, &hellip; Leer m&aacute;s &laquo;Pronunciamientos de la Red Ciudadana&hellip; <\/p><\/div>\n\n<a style=\"text-transform:uppercase; border-width:2px; padding-right:var(--wp--preset--spacing--x-small);padding-left:var(--wp--preset--spacing--x-small);padding-top:10px;padding-bottom:10px;\" class=\"wp-block-read-more has-text-color has-foreground-color\" href=\"https:\/\/redzibata.org\/index.php\/blog\/pronunciamientos\/pronunciamientos-de-la-red-ciudadana-de-la-colonia-zibata\/\" target=\"_self\">Leer m\u00e1s<span class=\"screen-reader-text\">: Pronunciamientos de la Red Ciudadana de la Colonia Zibata\u0301<\/span><\/a>\n<\/li><li class=\"wp-block-post post-1314 post type-post status-publish format-standard has-post-thumbnail hentry category-pronunciamientos\">\n<figure style=\"width:100%;height:240px; margin-bottom:var(--wp--preset--spacing--x-small);\" class=\"wp-block-post-featured-image\"><a href=\"https:\/\/redzibata.org\/index.php\/blog\/pronunciamientos\/en-relacion-al-desarrollador-supraterra\/\" target=\"_self\"  style=\"height:240px\"><img loading=\"lazy\" decoding=\"async\" width=\"2048\" height=\"2048\" src=\"https:\/\/redzibata.org\/wp-content\/uploads\/2026\/04\/Supraterra.png\" class=\"attachment-post-thumbnail size-post-thumbnail wp-post-image\" alt=\"\u2013En relaci\u00f3n al desarrollador Supraterra\" style=\"border-radius:5px;height:240px;object-fit:cover;\" srcset=\"https:\/\/redzibata.org\/wp-content\/uploads\/2026\/04\/Supraterra.png 2048w, https:\/\/redzibata.org\/wp-content\/uploads\/2026\/04\/Supraterra-300x300.png 300w, https:\/\/redzibata.org\/wp-content\/uploads\/2026\/04\/Supraterra-1024x1024.png 1024w, https:\/\/redzibata.org\/wp-content\/uploads\/2026\/04\/Supraterra-150x150.png 150w, https:\/\/redzibata.org\/wp-content\/uploads\/2026\/04\/Supraterra-2000x2000.png 2000w, https:\/\/redzibata.org\/wp-content\/uploads\/2026\/04\/Supraterra-768x768.png 768w, https:\/\/redzibata.org\/wp-content\/uploads\/2026\/04\/Supraterra-1536x1536.png 1536w\" sizes=\"auto, 100vw\" \/><\/a><\/figure>\n\n<div style=\"margin-top:0;margin-bottom:0;\" class=\"has-link-color wp-elements-a1817b6b9e4eaefd5826fde68b0a8fdb wp-block-post-date has-text-color has-tertiary-color\"><time datetime=\"2026-04-08T11:01:38-06:00\">8 de abril de 2026<\/time><\/div>\n\n<h3 style=\"margin-top:0;margin-bottom:var(--wp--preset--spacing--x-small);\" class=\"has-link-color wp-elements-2e75b4e4fab489cf445e03eda13279d1 wp-block-post-title\"><a href=\"https:\/\/redzibata.org\/index.php\/blog\/pronunciamientos\/en-relacion-al-desarrollador-supraterra\/\" target=\"_self\" >\u2013En relaci\u00f3n al desarrollador Supraterra<\/a><\/h3>\n\n<div class=\"has-link-color wp-elements-61eeeb1d6c31f3761cb8bc35b6e1a095 wp-block-post-excerpt has-text-color has-tertiary-color\"><p class=\"wp-block-post-excerpt__excerpt\">Ante la futura entrega del fraccionamiento al municipio, por parte del desarrollador Supraterra, RED CIUDADANA DE LA COLONIA ZIBAT&Aacute; se pronuncia de la siguiente manera: ANTECEDENTE El pasado 19 de &hellip; Leer m&aacute;s &laquo;&ndash;En relaci&oacute;n al desarrollador Supraterra&raquo; <\/p><\/div>\n\n<a style=\"text-transform:uppercase; border-width:2px; padding-right:var(--wp--preset--spacing--x-small);padding-left:var(--wp--preset--spacing--x-small);padding-top:10px;padding-bottom:10px;\" class=\"wp-block-read-more has-text-color has-foreground-color\" href=\"https:\/\/redzibata.org\/index.php\/blog\/pronunciamientos\/en-relacion-al-desarrollador-supraterra\/\" target=\"_self\">Leer m\u00e1s<span class=\"screen-reader-text\">: \u2013En relaci\u00f3n al desarrollador Supraterra<\/span><\/a>\n<\/li><\/ul>\n\n\n<h2 class=\"has-text-align-center\"><a href=\"https:\/\/redzibata.org\/index.php\/blog\/\" data-type=\"link\" data-id=\"https:\/\/redzibata.org\/index.php\/blog\/\"><strong><mark class=\"has-inline-color has-secondary-color\" style=\"background-color: rgba(0, 0, 0, 0);\">Ver m\u00e1s publicaciones y eventos<\/mark><\/strong><\/a><\/h2>\n\n\n<\/div>\n\n\n\n<div style=\"height:85px\" aria-hidden=\"true\" class=\"wp-block-spacer\"><\/div>\n<\/div>\n<\/div>\n","protected":false},"excerpt":{"rendered":"<p>Con informaci&oacute;n relevante de nuestra comunidad zibatense, en tu e-mail. &iquest;Sabes qu&eacute; es una red ciudadana? Descubre el origen y la historia de la Red Ciudadana de la Colonia Zibat&aacute;, &hellip; <\/p>\n<p class=\"link-more\"><a href=\"https:\/\/redzibata.org\/\" class=\"more-link\">Leer m\u00e1s<span class=\"screen-reader-text\"> \u00ab\u00bb<\/span><\/a><\/p>\n","protected":false},"author":2,"featured_media":0,"parent":0,"menu_order":0,"comment_status":"closed","ping_status":"closed","template":"","meta":{"footnotes":""},"class_list":["post-315","page","type-page","status-publish","hentry"],"_links":{"self":[{"href":"https:\/\/redzibata.org\/index.php\/wp-json\/wp\/v2\/pages\/315","targetHints":{"allow":["GET"]}}],"collection":[{"href":"https:\/\/redzibata.org\/index.php\/wp-json\/wp\/v2\/pages"}],"about":[{"href":"https:\/\/redzibata.org\/index.php\/wp-json\/wp\/v2\/types\/page"}],"author":[{"embeddable":true,"href":"https:\/\/redzibata.org\/index.php\/wp-json\/wp\/v2\/users\/2"}],"replies":[{"embeddable":true,"href":"https:\/\/redzibata.org\/index.php\/wp-json\/wp\/v2\/comments?post=315"}],"version-history":[{"count":59,"href":"https:\/\/redzibata.org\/index.php\/wp-json\/wp\/v2\/pages\/315\/revisions"}],"predecessor-version":[{"id":1122,"href":"https:\/\/redzibata.org\/index.php\/wp-json\/wp\/v2\/pages\/315\/revisions\/1122"}],"wp:attachment":[{"href":"https:\/\/redzibata.org\/index.php\/wp-json\/wp\/v2\/media?parent=315"}],"curies":[{"name":"wp","href":"https:\/\/api.w.org\/{rel}","templated":true}]}}