{"id":52,"date":"2024-01-12T18:33:24","date_gmt":"2024-01-12T18:33:24","guid":{"rendered":"https:\/\/jovial-yalow.104-219-41-121.plesk.page\/?page_id=52"},"modified":"2024-06-18T18:22:39","modified_gmt":"2024-06-19T00:22:39","slug":"adherentes","status":"publish","type":"page","link":"https:\/\/redzibata.org\/index.php\/adherentes\/","title":{"rendered":"Adherentes"},"content":{"rendered":"\n<p>Sin pretender ser el \u00fanico colectivo vecinal en Zibat\u00e1, s\u00ed somos el m\u00e1s organizado y el m\u00e1s apegado en su actuaci\u00f3n a las leyes y a un estricto c\u00f3digo de \u00e9tica. Tambi\u00e9n somos el m\u00e1s consciente del respeto que los colonos se merecen a la pluralidad y a la inclusi\u00f3n social.<\/p>\n\n\n\n<p>Ser adherente de la Red es un acto voluntario e individual, a trav\u00e9s del cual manifiestas tu inter\u00e9s en lo siguiente:<\/p>\n\n\n\n<ul class=\"wp-block-list\">\n<li>Ser representado por la Red Ciudadana de la Colonia Zibat\u00e1 para proteger tus derechos<\/li>\n\n\n\n<li>Beneficiarse en tus intereses y patrimonio por las gestiones realizadas por la Red ante otras organizaciones, como la Asociaci\u00f3n de Colonos, las autoridades municipales y estatales, empresas proveedoras, concesionarios, operadores de servicios p\u00fablicos y ante los desarrolladores que operan en Zibat\u00e1.<\/li>\n\n\n\n<li>Participar en las actividades en beneficio de la comunidad organizadas por la Red Ciudadana<\/li>\n\n\n\n<li>Estar informado, ejercer cargos, nombramientos, comisiones, as\u00ed como, a participar en las decisiones que se tomen en los \u00f3rganos en que participe como asociado.<\/li>\n<\/ul>\n\n\n\n<p>Al convertirte en un representante de la Red Ciudadana deber\u00e1s adecuar tu actuaci\u00f3n y conducta con los valores y reglas de integridad establecidas en el <a href=\"https:\/\/redzibata.org\/index.php\/codigo-de-valores\/\" data-type=\"page\" data-id=\"234\">C\u00f3digo de \u00c9tica<\/a> de la Red Ciudadana (el cual se proporciona con tu afiliaci\u00f3n). Adem\u00e1s de apegarte al marco legal y t\u00e9cnico aplicable al sector de las Organizaciones de la Sociedad Civil (del cual ser\u00e1s informado y capacitado en los talleres que se organicen).<\/p>\n\n\n\n<h2 class=\"wp-block-heading\">Requisitos<\/h2>\n\n\n\n<ul class=\"wp-block-list\">\n<li>Vivir en Zibat\u00e1 (ya sea como propietario o inquilino de una propiedad)<\/li>\n\n\n\n<li>Ser mayor de edad<\/li>\n\n\n\n<li>Llenar el formato de Carta de Adhesi\u00f3n<\/li>\n\n\n\n<li>No ser miembro activo de alg\u00fan partido pol\u00edtico, ni de empleado o proveedor de la Asociaci\u00f3n de Colonos de Zibat\u00e1 A.C. ni del Municipio El Marqu\u00e9s.<\/li>\n<\/ul>\n\n\n\n<h2 class=\"wp-block-heading\">\u00bfQuieres ser adherente de la Red Ciudadana?<\/h2>\n\n\n\n<p>Comienza el proceso dando <a href=\"\/wp-login.php?action=register\" data-type=\"link\" data-id=\"\/wp-login.php?action=register\" target=\"_blank\" rel=\"noreferrer noopener\">clic aqu\u00ed.<\/a><\/p>\n\n\n\n<div style=\"height:var(--wp--preset--spacing--small)\" aria-hidden=\"true\" class=\"wp-block-spacer\"><\/div>\n\n\n\n<div class=\"wp-block-group alignfull has-background-background-color has-background has-global-padding is-layout-constrained wp-block-group-is-layout-constrained\" style=\"margin-top:0px;margin-bottom:0px;padding-top:var(--wp--preset--spacing--xx-large);padding-bottom:var(--wp--preset--spacing--xx-large)\"><\/div>\n\n\n\n<div class=\"wp-block-group alignfull is-layout-flow wp-container-core-group-is-layout-c4d5c1b7 wp-block-group-is-layout-flow\" id=\"cover\" style=\"margin-top:0px;margin-bottom:0px\">\n<div class=\"wp-block-cover alignfull\" style=\"min-height:549px;aspect-ratio:unset;\"><span aria-hidden=\"true\" class=\"wp-block-cover__background has-black-background-color has-background-dim\"><\/span><img loading=\"lazy\" decoding=\"async\" width=\"1280\" height=\"853\" class=\"wp-block-cover__image-background wp-image-117\" alt=\"Red Ciudadana de la Colonia Zibat\u00e1, colectivo ciudadano buscando el bien com\u00fan de la comunidad.\" src=\"https:\/\/redzibata.org\/wp-content\/uploads\/2024\/02\/pexels-andrea-piacquadio-3931560.jpg\" data-object-fit=\"cover\" srcset=\"https:\/\/redzibata.org\/wp-content\/uploads\/2024\/02\/pexels-andrea-piacquadio-3931560.jpg 1280w, https:\/\/redzibata.org\/wp-content\/uploads\/2024\/02\/pexels-andrea-piacquadio-3931560-300x200.jpg 300w, https:\/\/redzibata.org\/wp-content\/uploads\/2024\/02\/pexels-andrea-piacquadio-3931560-1024x682.jpg 1024w\" sizes=\"auto, (max-width: 1280px) 100vw, 1280px\" \/><div class=\"wp-block-cover__inner-container has-global-padding is-layout-constrained wp-block-cover-is-layout-constrained\">\n<div class=\"wp-block-group has-global-padding is-layout-constrained wp-container-core-group-is-layout-4383d167 wp-block-group-is-layout-constrained\">\n<div class=\"wp-block-group has-global-padding is-layout-constrained wp-block-group-is-layout-constrained\">\n<h2 class=\"wp-block-heading has-text-align-center has-large-font-size\">Por un <strong>Zibat\u00e1 <\/strong>de orden y respeto, elevemos nuestro nivel de consciencia.<\/h2>\n\n\n\n<p class=\"has-text-align-center\">Recibe nuestro bolet\u00edn electr\u00f3nico para mantenerte al tanto sobre nuestras acciones y c\u00f3mo puedes contribuir a mejorar la calidad de vida y seguridad en la comunidad. Es totalmente gratuito.<\/p>\n<\/div>\n\n\n\n<div style=\"height:31px\" aria-hidden=\"true\" class=\"wp-block-spacer\"><\/div>\n\n\n\n<div class=\"wp-block-buttons is-content-justification-center is-layout-flex wp-container-core-buttons-is-layout-a89b3969 wp-block-buttons-is-layout-flex\">\n<div class=\"wp-block-button is-style-fill\" style=\"text-transform:uppercase\"><a class=\"wp-block-button__link has-background has-text-align-center wp-element-button\" style=\"border-radius:0px;background-color:#1174b8\">Quiero recibir el bolet\u00edn<\/a><\/div>\n<\/div>\n<\/div>\n<\/div><\/div>\n<\/div>\n","protected":false},"excerpt":{"rendered":"<p>Sin pretender ser el &uacute;nico colectivo vecinal en Zibat&aacute;, s&iacute; somos el m&aacute;s organizado y el m&aacute;s apegado en su actuaci&oacute;n a las leyes y a un estricto c&oacute;digo de &hellip; <\/p>\n<p class=\"link-more\"><a href=\"https:\/\/redzibata.org\/index.php\/adherentes\/\" class=\"more-link\">Leer m\u00e1s<span class=\"screen-reader-text\"> \u00abAdherentes\u00bb<\/span><\/a><\/p>\n","protected":false},"author":1,"featured_media":117,"parent":0,"menu_order":0,"comment_status":"closed","ping_status":"closed","template":"","meta":{"footnotes":""},"class_list":["post-52","page","type-page","status-publish","has-post-thumbnail","hentry"],"_links":{"self":[{"href":"https:\/\/redzibata.org\/index.php\/wp-json\/wp\/v2\/pages\/52","targetHints":{"allow":["GET"]}}],"collection":[{"href":"https:\/\/redzibata.org\/index.php\/wp-json\/wp\/v2\/pages"}],"about":[{"href":"https:\/\/redzibata.org\/index.php\/wp-json\/wp\/v2\/types\/page"}],"author":[{"embeddable":true,"href":"https:\/\/redzibata.org\/index.php\/wp-json\/wp\/v2\/users\/1"}],"replies":[{"embeddable":true,"href":"https:\/\/redzibata.org\/index.php\/wp-json\/wp\/v2\/comments?post=52"}],"version-history":[{"count":10,"href":"https:\/\/redzibata.org\/index.php\/wp-json\/wp\/v2\/pages\/52\/revisions"}],"predecessor-version":[{"id":776,"href":"https:\/\/redzibata.org\/index.php\/wp-json\/wp\/v2\/pages\/52\/revisions\/776"}],"wp:featuredmedia":[{"embeddable":true,"href":"https:\/\/redzibata.org\/index.php\/wp-json\/wp\/v2\/media\/117"}],"wp:attachment":[{"href":"https:\/\/redzibata.org\/index.php\/wp-json\/wp\/v2\/media?parent=52"}],"curies":[{"name":"wp","href":"https:\/\/api.w.org\/{rel}","templated":true}]}}