{"id":790,"date":"2024-06-18T21:59:39","date_gmt":"2024-06-19T03:59:39","guid":{"rendered":"https:\/\/redzibata.org\/?page_id=790"},"modified":"2024-06-18T21:59:40","modified_gmt":"2024-06-19T03:59:40","slug":"politica-de-cookies","status":"publish","type":"page","link":"https:\/\/redzibata.org\/index.php\/politica-de-cookies\/","title":{"rendered":"Pol\u00edtica de Cookies"},"content":{"rendered":"\n<p>Las cookies son fragmentos de informaci\u00f3n que las p\u00e1ginas web almacenan en la computadora del usuario para recordar sus preferencias, de esta manera La Red Ciudadana de la Colonia Zibat\u00e1 puede ofrecer una experiencia m\u00e1s personalizada.<\/p>\n\n\n\n<p>La Red Ciudadana de la Colonia Zibat\u00e1 utiliza las cookies, entre otras cosas, para:<\/p>\n\n\n\n<p>\u2022 Analizar el comportamiento de navegaci\u00f3n (qu\u00e9 secciones se visitan, d\u00f3nde se hace clic, etc.).<\/p>\n\n\n\n<p>\u2022 Que puedan compartirse contenidos (como productos y campa\u00f1as) en redes sociales.<\/p>\n\n\n\n<p>\u2022 Saber si nuestros clientes provienen de anuncios en internet.<\/p>\n\n\n\n<p>\u2022 Impedir actividades fraudulentas.<\/p>\n\n\n\n<p>\u2022 Maximizar la seguridad en nuestra web.<\/p>\n\n\n\n<p>Algunas cookies del sitio web son fijadas por terceros, estas compa\u00f1\u00edas externas procesan la informaci\u00f3n y nos facilitan datos referentes a la publicidad de nuestras promociones, etc. En ning\u00fan momento recaban informaci\u00f3n personal con la que se pueda identificar a un usuario en espec\u00edfico. Ninguna cookie tiene un periodo de validez superior a los dos a\u00f1os.<\/p>\n\n\n\n<p>Si no se desea que se guarden estas cookies, puede cambiarse la configuraci\u00f3n del navegador en cualquier momento. Sin embargo, recomendamos que no se desactiven ya que se puede dejar de disfrutar de ciertos servicios de nuestra web. Si aun as\u00ed se prefiere desactivar las cookies de terceros, puede solicitarse desde los siguientes links:<\/p>\n\n\n\n<p>\u2022 Google Analytics: https:\/\/tools.google.com\/dlpage\/gaoptout?hl=es<\/p>\n\n\n\n<p>\u2022 Addthis: http:\/\/www.addthis.com\/privacy\/opt-out<\/p>\n\n\n\n<p>\u2022 Google remarketing: https:\/\/support.google.com\/adwords\/answer\/2549116?hl=es \u2022 ComScore: http:\/\/www.scorecardresearch.com\/privacy.aspx<\/p>\n","protected":false},"excerpt":{"rendered":"<p>Las cookies son fragmentos de informaci&oacute;n que las p&aacute;ginas web almacenan en la computadora del usuario para recordar sus preferencias, de esta manera La Red Ciudadana de la Colonia Zibat&aacute; &hellip; <\/p>\n<p class=\"link-more\"><a href=\"https:\/\/redzibata.org\/index.php\/politica-de-cookies\/\" class=\"more-link\">Leer m\u00e1s<span class=\"screen-reader-text\"> \u00abPol\u00edtica de Cookies\u00bb<\/span><\/a><\/p>\n","protected":false},"author":2,"featured_media":0,"parent":0,"menu_order":0,"comment_status":"closed","ping_status":"closed","template":"","meta":{"footnotes":""},"class_list":["post-790","page","type-page","status-publish","hentry"],"_links":{"self":[{"href":"https:\/\/redzibata.org\/index.php\/wp-json\/wp\/v2\/pages\/790","targetHints":{"allow":["GET"]}}],"collection":[{"href":"https:\/\/redzibata.org\/index.php\/wp-json\/wp\/v2\/pages"}],"about":[{"href":"https:\/\/redzibata.org\/index.php\/wp-json\/wp\/v2\/types\/page"}],"author":[{"embeddable":true,"href":"https:\/\/redzibata.org\/index.php\/wp-json\/wp\/v2\/users\/2"}],"replies":[{"embeddable":true,"href":"https:\/\/redzibata.org\/index.php\/wp-json\/wp\/v2\/comments?post=790"}],"version-history":[{"count":1,"href":"https:\/\/redzibata.org\/index.php\/wp-json\/wp\/v2\/pages\/790\/revisions"}],"predecessor-version":[{"id":792,"href":"https:\/\/redzibata.org\/index.php\/wp-json\/wp\/v2\/pages\/790\/revisions\/792"}],"wp:attachment":[{"href":"https:\/\/redzibata.org\/index.php\/wp-json\/wp\/v2\/media?parent=790"}],"curies":[{"name":"wp","href":"https:\/\/api.w.org\/{rel}","templated":true}]}}