{"id":84,"date":"2024-02-02T17:32:00","date_gmt":"2024-02-02T17:32:00","guid":{"rendered":"https:\/\/jovial-yalow.104-219-41-121.plesk.page\/?page_id=84"},"modified":"2024-02-02T17:34:08","modified_gmt":"2024-02-02T17:34:08","slug":"descargos-de-responsabilidad","status":"publish","type":"page","link":"https:\/\/redzibata.org\/index.php\/descargos-de-responsabilidad\/","title":{"rendered":"Descargos de responsabilidad"},"content":{"rendered":"\n<p>La informaci\u00f3n contenida en este sitio web es solo para fines de informaci\u00f3n general. La informaci\u00f3n es proporcionada por la Red Ciudadana de la Colonia Zibat\u00e1 y, aunque nos esforzamos por mantener la informaci\u00f3n actualizada y correcta, no hacemos representaciones ni garant\u00edas de ning\u00fan tipo, expresas o impl\u00edcitas, sobre la integridad, precisi\u00f3n, confiabilidad, idoneidad o disponibilidad con respecto a El sitio web o la informaci\u00f3n, los productos, los servicios o los gr\u00e1ficos relacionados contenidos en el sitio web para cualquier prop\u00f3sito. Cualquier dependencia que ubique en dicha informaci\u00f3n, por lo tanto, es estrictamente bajo su propio riesgo.<\/p>\n\n\n\n<p>En ning\u00fan caso seremos responsables de cualquier p\u00e9rdida o da\u00f1o, incluida, entre otros, la p\u00e9rdida o da\u00f1o indirecto o consecuente, o cualquier p\u00e9rdida o da\u00f1o que surja de la p\u00e9rdida de datos o ganancias que surjan o en relaci\u00f3n con el uso de este sitio web.<\/p>\n\n\n\n<p>A trav\u00e9s de este sitio web, puede vincular a otros sitios web que no est\u00e1n bajo el control de la Red Ciudadana de la Colonia Zibat\u00e1. No tenemos control sobre la naturaleza, el contenido y la disponibilidad de esos sitios. La inclusi\u00f3n de cualquier enlace no implica necesariamente una recomendaci\u00f3n o respalda las opiniones expresadas dentro de ellos.<\/p>\n\n\n\n<p>Se hace todo lo posible para mantener el sitio web en funcionamiento sin problemas. Sin embargo, la Red Ciudadana de la Colonia Zibat\u00e1 no asume la responsabilidad y no ser\u00e1 responsable de que el sitio web no est\u00e9 disponible temporalmente debido a problemas t\u00e9cnicos fuera de nuestro control.<\/p>\n","protected":false},"excerpt":{"rendered":"<p>La informaci&oacute;n contenida en este sitio web es solo para fines de informaci&oacute;n general. La informaci&oacute;n es proporcionada por la Red Ciudadana de la Colonia Zibat&aacute; y, aunque nos esforzamos &hellip; <\/p>\n<p class=\"link-more\"><a href=\"https:\/\/redzibata.org\/index.php\/descargos-de-responsabilidad\/\" class=\"more-link\">Leer m\u00e1s<span class=\"screen-reader-text\"> \u00abDescargos de responsabilidad\u00bb<\/span><\/a><\/p>\n","protected":false},"author":2,"featured_media":0,"parent":0,"menu_order":0,"comment_status":"closed","ping_status":"closed","template":"","meta":{"footnotes":""},"class_list":["post-84","page","type-page","status-publish","hentry"],"_links":{"self":[{"href":"https:\/\/redzibata.org\/index.php\/wp-json\/wp\/v2\/pages\/84","targetHints":{"allow":["GET"]}}],"collection":[{"href":"https:\/\/redzibata.org\/index.php\/wp-json\/wp\/v2\/pages"}],"about":[{"href":"https:\/\/redzibata.org\/index.php\/wp-json\/wp\/v2\/types\/page"}],"author":[{"embeddable":true,"href":"https:\/\/redzibata.org\/index.php\/wp-json\/wp\/v2\/users\/2"}],"replies":[{"embeddable":true,"href":"https:\/\/redzibata.org\/index.php\/wp-json\/wp\/v2\/comments?post=84"}],"version-history":[{"count":2,"href":"https:\/\/redzibata.org\/index.php\/wp-json\/wp\/v2\/pages\/84\/revisions"}],"predecessor-version":[{"id":86,"href":"https:\/\/redzibata.org\/index.php\/wp-json\/wp\/v2\/pages\/84\/revisions\/86"}],"wp:attachment":[{"href":"https:\/\/redzibata.org\/index.php\/wp-json\/wp\/v2\/media?parent=84"}],"curies":[{"name":"wp","href":"https:\/\/api.w.org\/{rel}","templated":true}]}}