{"id":87,"date":"2024-06-18T21:57:43","date_gmt":"2024-06-19T03:57:43","guid":{"rendered":"https:\/\/jovial-yalow.104-219-41-121.plesk.page\/?page_id=87"},"modified":"2024-06-18T22:01:12","modified_gmt":"2024-06-19T04:01:12","slug":"politica-de-privacidad","status":"publish","type":"page","link":"https:\/\/redzibata.org\/index.php\/politica-de-privacidad\/","title":{"rendered":"Pol\u00edtica de privacidad"},"content":{"rendered":"\n<p>El presente Aviso de Privacidad tiene por objeto la protecci\u00f3n de datos personales de los usuarios del sitio web de internet https:\/\/redzibata.org (en adelante la \u00abweb\u00bb). Estos datos personales ser\u00e1n procesados e incorporados a una base de datos titularidad de la Red Ciudadana de la Colonia Zibat\u00e1, domiciliado en Av. Paseo de las Pitahayas 13, Fraccionamiento Zibat\u00e1, Municipio el Marqu\u00e9s, Qro., C.P. 76269 es el responsable del tratamiento de los datos personales que nos proporcione, los cuales ser\u00e1n protegidos conforme a lo dispuesto por la Ley Federal de Protecci\u00f3n de Datos Personales en Posesi\u00f3n de los Particulares.<\/p>\n\n\n\n<h2 class=\"wp-block-heading\"><strong>FINALIDAD DEL TRATAMIENTO<\/strong><\/h2>\n\n\n\n<p>Los datos personales que recopilamos sobre ustedes cuando visitan nuestro sitio se dividen en varias categor\u00edas.<\/p>\n\n\n\n<ul class=\"wp-block-list\">\n<li><strong>Informaci\u00f3n que proporciona voluntariamente<\/strong><\/li>\n<\/ul>\n\n\n\n<p>Recopilamos los datos personales que usted nos proporciona voluntariamente a trav\u00e9s de nuestro sitio, por ejemplo, al completar formularios en l\u00ednea para ponerse en contacto con nosotros, al suscribirse a un bolet\u00edn de noticias, al utilizar una de nuestras herramientas de referencia en l\u00ednea, al suscribirse para recibir comunicaciones de marketing de nuestra parte, al participar en encuestas o al inscribirse en eventos que estamos organizando. La informaci\u00f3n que recopilamos incluye lo siguiente:<\/p>\n\n\n\n<ul class=\"wp-block-list\">\n<li>Nombre<\/li>\n\n\n\n<li>T\u00edtulo del puesto, nivel o funci\u00f3n del puesto, rol<\/li>\n\n\n\n<li>Empresa u organizaci\u00f3n<\/li>\n\n\n\n<li>Datos de la empresa<\/li>\n\n\n\n<li>Informaci\u00f3n de contacto, incluyendo correo electr\u00f3nico principal, direcci\u00f3n de correo electr\u00f3nico y n\u00fameros de tel\u00e9fono<\/li>\n\n\n\n<li>Informaci\u00f3n demogr\u00e1fica, como industria, pa\u00eds, c\u00f3digo postal, preferencias e intereses<\/li>\n\n\n\n<li>Otra informaci\u00f3n relevante para encuestas a clientes o investigaciones similares<\/li>\n\n\n\n<li>Informaci\u00f3n pertinente al cumplimiento de nuestros servicios con usted<\/li>\n\n\n\n<li>Cualquier otro dato personal que usted voluntariamente decida proporcionarnos<\/li>\n<\/ul>\n\n\n\n<p>No recopilamos intencionadamente datos de categor\u00edas sensibles, a menos que usted nos proporcione dichos datos. Aunque puede haber cuadros de texto libres en el sitio donde usted puede ingresar cualquier informaci\u00f3n, no es nuestra intenci\u00f3n procesar informaci\u00f3n confidencial. Usted no est\u00e1 obligado a proporcionar, y no debe revelar, informaci\u00f3n personal sensible en los cuadros de texto libre. Si usted decide proporcionar cualquier informaci\u00f3n personal sensible de esta manera, usted reconoce que consiente en la recopilaci\u00f3n y procesamiento de esta informaci\u00f3n sensible.<\/p>\n\n\n\n<p>Si se registra en nuestro sitio, sus datos personales se almacenar\u00e1n en nuestro sistema CRM. Los datos de los solicitantes de registro se eliminan despu\u00e9s de que una persona no haya participado activamente en la web durante 18 meses, o antes si as\u00ed lo exige la ley.<\/p>\n\n\n\n<p>Si usted ha optado por no recibir publicaciones de la web, sus datos de contacto b\u00e1sicos permanecer\u00e1n en nuestra lista de exclusi\u00f3n.<\/p>\n\n\n\n<ul class=\"wp-block-list\">\n<li><strong>Informaci\u00f3n que recopilamos autom\u00e1ticamente<\/strong><\/li>\n<\/ul>\n\n\n\n<p>Cuando usted visita nuestro sitio, recopilamos autom\u00e1ticamente ciertos datos personales de sus dispositivos. Espec\u00edficamente, los datos que recopilamos autom\u00e1ticamente incluyen informaci\u00f3n, como direcci\u00f3n IP, tipo de dispositivo, n\u00famero de identificaci\u00f3n \u00fanico del dispositivo, tipo de navegador, ubicaci\u00f3n geogr\u00e1fica (por ejemplo, pa\u00eds o ciudad) y otra informaci\u00f3n t\u00e9cnica. Tambi\u00e9n recopilamos informaci\u00f3n sobre la forma en que sus dispositivos han interactuado con nuestro sitio, incluidas las p\u00e1ginas a las que se ha accedido y los enlaces en los que se ha hecho clic. La recopilaci\u00f3n de esta informaci\u00f3n nos permite comprender mejor a los visitantes que vienen a nuestro sitio, de d\u00f3nde vienen y qu\u00e9 contenido de nuestro sitio es de su inter\u00e9s. Utilizamos esta informaci\u00f3n para nuestros prop\u00f3sitos anal\u00edticos internos y para mejorar la calidad y relevancia de nuestro sitio para nuestros visitantes. La informaci\u00f3n se recopilar\u00e1 utilizando cookies y tecnolog\u00eda de rastreo similar, como se explica m\u00e1s adelante en la <a href=\"https:\/\/redzibata.org\/index.php\/politica-de-cookies\/\" data-type=\"page\" data-id=\"790\">Pol\u00edtica de Cookies<\/a>.<\/p>\n\n\n\n<p>Nuestro sitio tambi\u00e9n utiliza varios plug-in de medios sociales.<\/p>\n\n\n\n<p><strong>Los fines para los que procesamos sus datos personales como visitantes de nuestro sitio son:<\/strong><\/p>\n\n\n\n<ul class=\"wp-block-list\">\n<li>Administrar nuestro sitio, incluyendo la confirmaci\u00f3n y autenticaci\u00f3n de identidad, y prevenir el acceso no autorizado a las \u00e1reas restringidas de nuestro sitio.<\/li>\n\n\n\n<li>Para personalizar y enriquecer sus experiencias de navegaci\u00f3n mostrando contenido que es m\u00e1s probable que sea relevante y de su inter\u00e9s<\/li>\n\n\n\n<li>Para analizar los datos de los visitantes de nuestro sitio<\/li>\n\n\n\n<li>Para determinar la compa\u00f1\u00eda, organizaci\u00f3n, instituci\u00f3n o agencia para la que trabajan o con la que est\u00e1n asociados<\/li>\n\n\n\n<li>Para desarrollar nuestro negocio y servicios<\/li>\n\n\n\n<li>Proporcionarles comunicaciones de marketing<\/li>\n\n\n\n<li>Para llevar a cabo benchmarking y an\u00e1lisis de datos (por ejemplo, con respecto al uso de nuestro sitio y an\u00e1lisis demogr\u00e1ficos de los visitantes de nuestro sitio)<\/li>\n\n\n\n<li>Para entender c\u00f3mo los visitantes utilizan las caracter\u00edsticas y funciones de nuestro sitio web<\/li>\n\n\n\n<li>Supervisar y hacer cumplir las condiciones de uso aplicables<\/li>\n\n\n\n<li>Realizar revisiones de calidad y de gesti\u00f3n de riesgos<\/li>\n\n\n\n<li>Cualquier otro prop\u00f3sito para el cual ustedes proporcionaron informaci\u00f3n a la Red Ciudadana de la Colonia Zibat\u00e1<\/li>\n<\/ul>\n\n\n\n<p>Las bases legales para el tratamiento de datos personales de los visitantes de nuestro sitio son:<\/p>\n\n\n\n<ul class=\"wp-block-list\">\n<li>Nuestro leg\u00edtimo inter\u00e9s en la entrega efectiva de informaci\u00f3n y servicios a usted, y la operaci\u00f3n efectiva y legal de nuestros negocios y servicios<\/li>\n\n\n\n<li>Nuestro leg\u00edtimo inter\u00e9s en desarrollar y mejorar nuestro sitio, y su experiencia de usuario<\/li>\n\n\n\n<li>Consentimiento expl\u00edcito del visitante<\/li>\n<\/ul>\n\n\n\n<h2 class=\"wp-block-heading\"><strong>Transferencia de datos personales<\/strong><\/h2>\n\n\n\n<p>Se informa que no se realizar\u00e1n transferencias que requieran su consentimiento, salvo aquellas que sean necesarias para atender requerimientos de informaci\u00f3n de una autoridad competente, debidamente fundados y motivados.<\/p>\n\n\n\n<h2 class=\"wp-block-heading\"><strong>Derechos ARCO<\/strong><\/h2>\n\n\n\n<p>Usted tiene derecho de acceder a sus datos personales y a conocer los detalles del tratamiento de los mismos, a rectificarlos en caso de ser inexactos o incompletos; cancelarlos cuando considere que ya no son necesarios para cumplir con las finalidades que justificaron su obtenci\u00f3n, as\u00ed como a oponerse a su tratamiento por una causa leg\u00edtima (Derechos \u201cARCO\u201d). De igual forma, usted puede limitar el uso y divulgaci\u00f3n de sus datos, o bien, revocar el consentimiento que haya otorgado para su tratamiento.<\/p>\n\n\n\n<p>El mecanismo implementado para el ejercicio de derechos es a trav\u00e9s de la presentaci\u00f3n de la solicitud respectiva al correo electr\u00f3nico contacto@redzibata.org<\/p>\n\n\n\n<p>Su solicitud, deber\u00e1 contener:<\/p>\n\n\n\n<ul class=\"wp-block-list\">\n<li>El nombre del titular y domicilio u otro medio para comunicarle la respuesta a su solicitud;<\/li>\n\n\n\n<li>Los documentos que acrediten la identidad o, en su caso, la representaci\u00f3n legal del titular;<\/li>\n\n\n\n<li>La descripci\u00f3n clara y precisa de los datos personales respecto de los que se busca ejercer alguno de los derechos antes mencionados; y Cualquier otro elemento o documento que facilite la localizaci\u00f3n de los datos personales.<\/li>\n\n\n\n<li>En el caso de solicitudes de rectificaci\u00f3n, el titular deber\u00e1 indicar, adem\u00e1s de lo anterior, las modificaciones a realizarse y aportar la documentaci\u00f3n que sustente su petici\u00f3n.<\/li>\n<\/ul>\n\n\n\n<p>La Red Ciudadana de la Colonia Zibat\u00e1 le comunicar\u00e1, en un plazo m\u00e1ximo de veinte d\u00edas h\u00e1biles, contados desde la fecha en que se recibi\u00f3 completa la solicitud de acceso, rectificaci\u00f3n, cancelaci\u00f3n u oposici\u00f3n, la determinaci\u00f3n adoptada, a efecto de que, si resulta procedente, se haga efectiva dentro de los quince d\u00edas h\u00e1biles siguientes a la fecha en que se comunica la respuesta. Los plazos antes referidos podr\u00e1n ser ampliados una sola vez por un periodo igual, siempre y cuando as\u00ed lo justifiquen las circunstancias del caso.<\/p>\n\n\n\n<h2 class=\"wp-block-heading\"><strong>Cambios al aviso de privacidad<\/strong><strong><\/strong><\/h2>\n\n\n\n<p>En caso de modificaciones al presente Aviso de Privacidad. Estas modificaciones estar\u00e1n disponibles al p\u00fablico a trav\u00e9s de los siguientes medios:&nbsp;en nuestra p\u00e1gina de Internet, en la secci\u00f3n aviso de privacidad, o se las haremos llegar al \u00faltimo correo electr\u00f3nico que nos haya proporcionado.<\/p>\n","protected":false},"excerpt":{"rendered":"<p>El presente Aviso de Privacidad tiene por objeto la protecci&oacute;n de datos personales de los usuarios del sitio web de internet https:\/\/redzibata.org (en adelante la &laquo;web&raquo;). Estos datos personales ser&aacute;n &hellip; <\/p>\n<p class=\"link-more\"><a href=\"https:\/\/redzibata.org\/index.php\/politica-de-privacidad\/\" class=\"more-link\">Leer m\u00e1s<span class=\"screen-reader-text\"> \u00abPol\u00edtica de privacidad\u00bb<\/span><\/a><\/p>\n","protected":false},"author":2,"featured_media":0,"parent":0,"menu_order":0,"comment_status":"closed","ping_status":"closed","template":"","meta":{"footnotes":""},"class_list":["post-87","page","type-page","status-publish","hentry"],"_links":{"self":[{"href":"https:\/\/redzibata.org\/index.php\/wp-json\/wp\/v2\/pages\/87","targetHints":{"allow":["GET"]}}],"collection":[{"href":"https:\/\/redzibata.org\/index.php\/wp-json\/wp\/v2\/pages"}],"about":[{"href":"https:\/\/redzibata.org\/index.php\/wp-json\/wp\/v2\/types\/page"}],"author":[{"embeddable":true,"href":"https:\/\/redzibata.org\/index.php\/wp-json\/wp\/v2\/users\/2"}],"replies":[{"embeddable":true,"href":"https:\/\/redzibata.org\/index.php\/wp-json\/wp\/v2\/comments?post=87"}],"version-history":[{"count":2,"href":"https:\/\/redzibata.org\/index.php\/wp-json\/wp\/v2\/pages\/87\/revisions"}],"predecessor-version":[{"id":796,"href":"https:\/\/redzibata.org\/index.php\/wp-json\/wp\/v2\/pages\/87\/revisions\/796"}],"wp:attachment":[{"href":"https:\/\/redzibata.org\/index.php\/wp-json\/wp\/v2\/media?parent=87"}],"curies":[{"name":"wp","href":"https:\/\/api.w.org\/{rel}","templated":true}]}}